{"id":7186,"date":"2023-12-01T00:44:19","date_gmt":"2023-12-01T00:44:19","guid":{"rendered":"https:\/\/jasthyn-travel.com\/?page_id=7186"},"modified":"2024-02-22T17:01:12","modified_gmt":"2024-02-22T17:01:12","slug":"terminos-y-condiciones","status":"publish","type":"page","link":"https:\/\/jasthyn-travel.com\/es\/terminos-y-condiciones-viaje\/","title":{"rendered":"T\u00e9rminos y Condiciones"},"content":{"rendered":"<p>JTT T divisi\u00f3n de Jasthy\u2019n Travel Tours  una agencia Mayorista que act\u00faa como intermediario entre los clientes y los proveedores de servicios en los diferentes itinerarios, tales como empresas de trasporte, hoteles,Paquetes Turisticos,seguro de viajes, l\u00edneas a\u00e9reas cruceros y otros operadores mayoristas. Por lo tanto estamos ajenos al control de los proveedores y\/o sus agentes.<\/p>\n\n\n\n<p><strong>RESERVACIONES Y PAGOS<\/strong><\/p>\n\n\n\n<p>Dep\u00f3sito Se requiere un dep\u00f3sito de $100 por persona dentro de los 2 d\u00edas (48 horas) de hacer la reservaci\u00f3n. Si el precio total de la reserva es menor a $100, la cantidad completa ser\u00e1 cargada en el momento de hacer la reserva.<\/p>\n\n\n\n<p>El pago no se considerara hecho hasta ser recibido por JTT. Si el dep\u00f3sito no es recibido para la fecha del vencimiento, la reservaci\u00f3n se cancelar\u00e1 autom\u00e1ticamente en el sistema a las 5:00 P.M. EST.<\/p>\n\n\n\n<p><strong>Balancea Pagar<\/strong><\/p>\n\n\n\n<p>El balance pendiente del paquete debe ser pagado por COMPLETO no menos de 30 d\u00edas antes de la partida. El pago inmediato por completo es requerido para reservaciones que cuenten con menos de 30 d\u00edas antes de la fecha de salida. (Reservaciones con fecha de partida entre el 20 de Diciembre y el 31 de Diciembre requerir\u00e1n el pago por completo 60 d\u00edas antes de su partida). NOS RESERVAMOS EL DERECHO DE CANCELAR LA RESERVA SI EL BALANCE PENDIENTE NO SE PAGA EN LA FECHA INDICADA. Adem\u00e1s, JTT se reserva el derecho de imponer cargos de cancelaci\u00f3n a los pagos no recibidos dentro del per\u00edodo indicado. JTT no es responsable de cualquier otro arreglo de viaje afectado debido a nuestras cancelaciones. Todos los pagos deben ser recibidos por JTT  antes de la entrega de vouchers o documentos.<\/p>\n\n\n\n<p>Formas de Pago<br>Los pagos en efectivo deber\u00e1n realizarse personalmente en cualquiera de las oficinas JTT m\u00e1s cercana \u00f3 con nuestros agentes autorizados, o tranferencias bancarias.<\/p>\n\n\n\n<p>Para pagos con tarjeta de cr\u00e9dito, se aceptar\u00e1n Visa, MasterCard, American Express, Diners Club, Discover y Paypal. Favor de pedir a su agente de viajes el formulario de Autorizaci\u00f3n de Tarjeta de Cr\u00e9dito.<\/p>\n\n\n\n<p>NOTA: Para pagos en el d\u00eda de vencimiento, solo se aceptara una tarjeta de cr\u00e9dito.<\/p>\n\n\n\n<p><strong>BOLETOS AEREOS<\/strong><\/p>\n\n\n\n<p>El valor de la tarifa a\u00e9rea no se garantiza hasta que el boleto este emitido. El tiquete a\u00e9reo est\u00e1 sujeto a las regulaciones y restricciones de cada aerol\u00ednea. Incluyendo pero no limitado a cargos por cambio de boleto, ruta, cancelaci\u00f3n, no show y cualquier otra penalidad que la aerol\u00ednea considere necesaria.<\/p>\n\n\n\n<p><strong>RESERVACIONES DE \u00daLTIMA HORA<\/strong><\/p>\n\n\n\n<p>Reservas de \u00faltima hora son consideradas como pedidos \u201curgentes\u201d y requieren un manejo especial. Por lo que incurren en costos adicionales para actualizar, mandar documentos por fax, confirmar su acomodaci\u00f3n de hotel y otros servicios requeridos. Por lo tanto, las reservas hechas con menos de 7 d\u00edas antes de la partida tendr\u00e1n un cargo adicional de $ 25.00.<\/p>\n\n\n\n<p>Jasthy\u2019n Travel Tours no aceptar\u00e1 reservaciones de viaje dentro de 3 d\u00edas.<\/p>\n\n\n\n<p><strong>DOCUMENTOS DE VIAJE<\/strong><\/p>\n\n\n\n<p>Es responsabilidad absoluta del pasajero obtener todos los documentos de viaje necesarios antes de viajar.<\/p>\n\n\n\n<p>Los Pasaportes deben tener una vigencia m\u00ednima de 6 meses desde el d\u00eda de partida. Visas, Vacunas y cualquier otro documento requerido para el viaje deber\u00e1 consultarlo directamente con los Consulados o Embajadas de los pa\u00edses que visitara antes de iniciar el viaje. Jasthy\u2019n Travel Tours no se har\u00e1 responsable por ninguna p\u00e9rdida, gasto, costo, da\u00f1o, lesi\u00f3n o p\u00e9rdida de goce sufrido como resultado de la cancelaci\u00f3n de su viaje por no haber cumplido con tales requisitos.<\/p>\n\n\n\n<p><strong>SEGURO DE VIAJES<\/strong><\/p>\n\n\n\n<p>Jasthy\u2019n Travel tours altamente recomienda adquirir un seguro de viaje junto con su paquete tur\u00edstico.En caso de una emergencia, contactarse directamente con la compa\u00f1\u00eda de Seguro. La aseguradora le brindar\u00e1 los procesos a seguir de acuerdo a su caso. Podr\u00edan existir excepciones en la cobertura de la p\u00f3liza para el caso de enfermedades pre existentes (consultar con la aseguradora). Para cualquier reembolso, el pasajero, deber\u00e1 guardar todos los recibos de los gastos incurridos en la atenci\u00f3n y contactarse con la aseguradora.<\/p>\n\n\n\n<p>Si el pasajero decide no adquirir el seguro de viaje. Jasthy\u2019n Travel Tours no ser\u00e1 responsable debido a alg\u00fan percance, cancelaci\u00f3n, inconveniente o sufrimiento, antes, durante o despu\u00e9s del viaje. Esto incluye perder el derecho a reembolso \u00f3 futuros reclamos debido a cualquier queja o gasto por accidente, enfermedad \u00f3 alg\u00fan percance antes, durante \u00f3 despu\u00e9s del viaje.<\/p>\n\n\n\n<ul class=\"wp-block-list\">\n<li>S\u00ed, estoy incluyendo seguro con mi viaje.<\/li>\n\n\n\n<li>No, no incluyo seguro para viaje.<\/li>\n<\/ul>\n\n\n\n<p><br><strong>CANCELACIONES Y MODIFICACIONES<\/strong><\/p>\n\n\n\n<p>A. CANCELACIONES \/ NO-SHOWS<br>TODAS LAS CANCELACIONES EST\u00c1N SUJETAS A UN CARGO DE $50.00 POR PAQUETE, ADEM\u00c1S DEL PORCENTAJE APLICABLE DEL PRECIO TOTAL DEL VIAJE SEG\u00daN LO INDICADO EN LA TABLA DEBAJO.PENALIDADES ADICIONALES DEBIDO A TICKETES A\u00c9REOS NO-REEMBOLSABLES E INTRANSFERIBLES Y\/O PENALIDADES DEL HOTEL PUEDEN APLICAR.SE REQUIERE DOCUMENTAR POR ESCRITO LA CANCELACI\u00d3N PARA LAS RESERVACIONES CONFIRMADAS Y SE DEBE DE ENVIAR DIRECTAMENTE A JTT V\u00cdA EMAIL RESERVAS@JASTHYN-TRAVEL.COM O V\u00cdA WHatsapp +51-981-307-060.LA FECHA DE LA PARTIDA CONSTITUYE LA FECHA INDICADA EN LA CONFIRMACI\u00d3N DE JTT SI USTED NO SE PRESENTA EL D\u00cdA DE LA PARTIDA, ESTA SER\u00c1 CONSIDERADA UN NO-SHOW Y COMO TAL INCURRIR\u00c1 EN UNA PENALIDAD DE CANCELACI\u00d3N DEL 100% DEL VALOR DEL PAQUETE.<\/p>\n\n\n\n<p>*La siguiente tabla de cargos aplicar\u00e1 a un paquete, despu\u00e9s de cancelar una reserva confirmada:TODAS LOS CARGOS SON POR PAQUETE.<\/p>\n\n\n\n<p>Aviso recibido por Jasthy\u2019n Travel Tours Cargo en US$ \u00f3 % del<\/p>\n\n\n\n<p>Tours antes de salida Precio total del Tour<\/p>\n\n\n\n<p>31 d\u00edas o m\u00e1s\u2026\u2026\u2026\u2026\u2026\u2026\u2026.\u2026\u2026$50<\/p>\n\n\n\n<p>30 \u2013 22 d\u00edas\u2026\u2026\u2026\u2026\u2026\u2026\u2026\u2026\u2026\u2026. 20 %<\/p>\n\n\n\n<p>21 \u2013 8 d\u00edas\u2026\u2026\u2026\u2026.\u2026\u2026\u2026\u2026\u2026..\u2026 35 %<\/p>\n\n\n\n<p>7 \u2013 1 d\u00edas\u2026\u2026\u2026\u2026\u2026\u2026\u2026\u2026.\u2026\u2026 100 %<\/p>\n\n\n\n<p>D\u00eda de Salida \/ no Show\u2026\u2026\u2026\u2026\u2026\u2026.\u2026 100%<\/p>\n\n\n\n<p>B. Modificaciones y Cambios de Reserva<\/p>\n\n\n\n<ol class=\"wp-block-list\">\n<li>Se cargar\u00e1 un adicional de $25.00 por cada cambio o modificaci\u00f3n a una reserva una vez que esta haya sido confirmada.<\/li>\n\n\n\n<li>2. Si documentos tales como vouchers, tiquetes a\u00e9reos, etc. necesitan ser reeditados, se cargar\u00e1 adicional de $25.00, m\u00e1s alg\u00fan otro adicional impuesto por el hotel, l\u00ednea a\u00e9rea o proveedores de servicios en el itinerario seleccionado. Si un servicio de mensajer\u00eda (Airborne Express, UPS, FedEx etc.) es solicitado para entregar los documentos reeditados, el cliente ser\u00e1 responsable del costo real del servicio de entrega a domicilio, de otro modo, los documentos se mandar\u00e1n v\u00eda correo regular. JTT no se hace responsable de cualquier demora en el recibo de los documentos reeditados entregados por el Servicio de Correo Postal de los Estados Unidos o mensajer\u00edas.<\/li>\n<\/ol>\n\n\n\n<p>No-transferible:Cambios de nombre no se permiten para reservaciones ya hechas. Si el pasajero original no es elegible para viajar, la reservaci\u00f3n ser\u00e1 cancelada y las penalidades de la cancelaci\u00f3n aplicar\u00e1n. Las reservaciones nuevas estar\u00e1n bajo disponibilidad de espacio y no pueden ser garantizadas por Jasthy\u2019n Travel Tours. Una vez que la reservaci\u00f3n es confirmada, los pagos hechos hacia la reserva original (menos cualquier cargo de cancelaci\u00f3n), ser\u00e1n acreditadas a la reservaci\u00f3n nueva.<\/p>\n\n\n\n<p><strong>REEMBOLSOS<\/strong><\/p>\n\n\n\n<p>Los reembolsos por cancelaci\u00f3n antes de la partida de un viaje ser\u00e1n tratados bajo la p\u00f3liza de cancelaci\u00f3n Ning\u00fan reembolso ser\u00e1 hecho por cualquier servicio que el cliente no utiliz\u00f3 incluyendo alojamiento de hotel, transferencias, tours, comidas y excursiones.<\/p>\n\n\n\n<p>Reservaciones de Hotel:estad\u00edas de hotel que el cliente no utiliz\u00f3 son reembolsables solamente si se cubre el m\u00ednimo de 2 noches de estad\u00eda siempre y cuando el tour operador reciba reembolso de parte del mismo hotel. Una copia del recibo de los servicios utilizados en el hotel ayudar\u00e1 al proceso de reembolso. Una vez obtenida todas las pruebas del caso, en el que se aplicar\u00e1n los cargos de cancelaci\u00f3n hechos a JTT  por nuestros proveedores se proceder\u00e1 al reembolso. Si el cliente adquiri\u00f3 el seguro de viaje al momento de reservar, tener en cuenta que en caso de abandono de un tour despu\u00e9s de iniciado el viaje, por razones de enfermedad, el cliente debe presentar un certificado m\u00e9dico para apoyar cualquier reclamo al seguro. TODOS LOS PEDIDOS DE REEMBOLSO DEBEN SER ENVIADOS POR ESCRITO Y SER RECIBIDOS POR JASTHY\u2019N TRAVEL TOURS EN UN PERIODO DE NO M\u00c1S DE 30 D\u00cdAS DESPU\u00c9S QUE EL VIAJE HAYA TERMINADO. Todos reclamos de reembolso deben ser enviados a:<br>Jasthy\u2019n  Travel Tours Av.El sol #900 oficina 402<br>ATTN: Departamento de Reembolsos o email: reservas@jasthyn-travel.com<\/p>\n\n\n\n<p>JTT no aceptar\u00e1 las peticiones hechas por fax. Ning\u00fan reembolso ni ajuste ser\u00e1 hecho por cualquier cambio, cancelaci\u00f3n o modificaci\u00f3n de servicios proporcionados en el itinerario, si tales cambios son hechos por el propio cliente durante el tour.<\/p>\n\n\n\n<p>En caso se apruebe el reembolso ser\u00e1 devuelto de la misma forma como se recibi\u00f3 el pago.<\/p>\n\n\n\n<p>Si el pago fue con tarjeta de cr\u00e9dito, el reembolso ser\u00e1 acreditado a la misma tarjeta de cr\u00e9dito.<\/p>\n\n\n\n<p>Si el pago fue en efectivo\/cheque, el reembolso se har\u00e1 a la persona que pago por los servicios.<\/p>\n\n\n\n<p>Si el pago fue hecho por medio de Safety Pay \/ Moneygram \/ Western Uni\u00f3n ser\u00e1 reembolsado a la persona que pago por los servicios.<\/p>\n\n\n\n<p><strong>CONTRACARGOS<\/strong><\/p>\n\n\n\n<p>Terceras personas, el titular de la tarjeta de cr\u00e9dito acepta terminantemente los cargos para este viaje incluyendo a sus familiares y amigos.<\/p>\n\n\n\n<p>Cualquier disputa de un cargo a su tarjeta de cr\u00e9dito deber\u00e1 ser resuelto directamente con Jasthy\u2019n Travel Tours  antes de contactar a la Compa\u00f1\u00eda de la Tarjeta de Cr\u00e9dito. JTT har\u00e1 todo esfuerzo posible por resolver el cargo.<\/p>\n\n\n\n<p><strong>CONDICIONES GENERALES<\/strong><\/p>\n\n\n\n<ul class=\"wp-block-list\">\n<li>Estad\u00edas Prolongadas<br>Si el cliente hizo sus propios arreglos para quedarse en un destino antes o despu\u00e9s de su itinerario arreglado con nosotros, la estad\u00eda estar\u00e1 bajo su responsabilidad en lo que respecta a cualquier gasto tales como hotel , traslados entre el hotel y aeropuerto, etc.<\/li>\n\n\n\n<li>Hotel check in\/check out: De acuerdo a las pol\u00edticas generales de los hoteles, las habitaciones no estar\u00e1n disponibles antes de la hora de entrada(check-in) 15:00 horas y deben de ser desocupadas (check out) antes de las 11:00 horas. Las pol\u00edticas pueden variar dependiendo de cada hotel. Chequear por favor las instrucciones espec\u00edficas del tour o servicio escritas en los vouchers.<br><\/li>\n\n\n\n<li>La aerol\u00ednea, el aeropuerto, los impuestos del gobierno y adicionales: Cualquier impuesto dom\u00e9stico e internacional de salida o llegada, los cargos de seguridad, y otros tipos de impuestos dados por las l\u00edneas a\u00e9reas, los aeropuertos, los gobiernos, etc. no se incluyen en nuestros precios.<br><\/li>\n\n\n\n<li>Los Impuestos: Los impuestos de hotel, transferencias y tours est\u00e1n incluidos dentro del paquete (el impuesto local de la habitaci\u00f3n, el cargo de servicio del hotel, sobrecarga de energ\u00eda) a menos que se especifique de otro modo. Las propinas no est\u00e1n incluidas.<br><\/li>\n\n\n\n<li>Clientes Incapacitados: Cualquier incapacidad que requiera atenci\u00f3n especial debe ser informada a Jasthy\u2019n Travel tours  al momento de hacer la reserva. JTT har\u00e1n los esfuerzos necesarios para acomodar las necesidades especiales de los clientes incapacitados en un viaje, pero no se har\u00e1 responsable de ninguna negaci\u00f3n de servicios hechos por los proveedores, hoteles, restaurantes, ni de otros suministradores independientes. Autobuses y microbuses no est\u00e1n equipados con rampas de sill\u00f3n de ruedas. Lamentamos el hecho de no poder brindarasistencia individual para caminar, cenar, montar y de ir en autob\u00fas y otros veh\u00edculos de transporte, o de otras necesidades personales. Los viajeros que necesiten tal ayuda deben estar acompa\u00f1ados de un compa\u00f1ero calificado.<br><\/li>\n\n\n\n<li>Condiciones Riesgosas: JTT  no se har\u00e1 responsable de las condiciones riesgosas o peligrosas en destinos internacionales, incluyendo las condiciones del clima, la salud, las bancarrotas de los proveedores, o la no disponibilidad de las personas incapacitadas en ninguna porci\u00f3n del itinerario. Por favor contactar a The Travel Warning Section of the US. State al (202) 647-5225 para informaci\u00f3n con respecto a posibles peligros o riesgos en destinos internacionales.\nPara la informaci\u00f3n m\u00e9dica, contactar al Centro para el Control y Prevenci\u00f3n de Enfermedades al (800) 311-3435.<br>For medical information, contact the Center for Disease Control and Prevention at (800) 311-3435.<br><\/li>\n<\/ul>\n\n\n\n<p><strong>RESPONSABILIDAD<\/strong><\/p>\n\n\n\n<p>JASTHY\u2019N TRAVEL TOURS y sus agentes y\/o oficinas y\/o los suministradores de servicios seg\u00fan sea el caso con respecto a los itinerarios actuar\u00e1 s\u00f3lo como un agente al hacer los arreglos para hoteles, tickets a\u00e9reos, cruceros, sightseeing tours, transporte y otros servicios brindados en el paquete y no ser\u00e1 responsable por ning\u00fan da\u00f1o, p\u00e9rdida, demora, cambios en el itinerario, gastos adicionales, inconvenientes o irregularidades, de la persona o propiedad incluida en el viaje relacionando al suministro u omisi\u00f3n de los servicios del transporte a\u00e9reo o terrestre, del hotel, las comidas y otros servicios o la enfermedad del cliente.<\/p>\n\n\n\n<p>Nosotros no somos responsables de aver\u00edas mec\u00e1nicas, acciones de gobierno en un pa\u00eds, guerra, terrorismo, alboroto civil.<\/p>\n\n\n\n<p>incendios, las condiciones del clima, los desastres naturales, las huelgas ni otras circunstancias ajenas a nuestra voluntad, tales como el fracaso del cliente de obtener la documentaci\u00f3n apropiada y\/o seguir las instrucciones de los operadores incluyendo el check-in\/ check-out en las estad\u00edas de los hoteles, p\u00e9rdida o da\u00f1o al equipaje de los clientes ni su contenido. Si el cliente decide no comprar un seguro de viaje, JTT no ser\u00e1 responsable por ninguna p\u00e9rdida \u00f3 gasto debido a alg\u00fan percance, cancelaci\u00f3n de viaje, accidente o enfermedad durante el viaje, p\u00e9rdida de equipaje, etc.<\/p>\n\n\n\n<p>Los pedidos especiales de los clientes ser\u00e1n enviados a atender a nuestros proveedores pero no puede ser garantizado por JTT.<\/p>\n\n\n\n<p>Los precios est\u00e1n basados de acuerdo a la tasa de cambio vigente al momento de cotizar la reserva y puede cambiar sin previo aviso. Las ofertas y promociones especiales pueden cambiar o ser retiradas sin previo aviso. JTT no ser\u00e1 responsable de ning\u00fan error de imprenta de nuestroscat\u00e1logos, folletos o anuncios period\u00edsticos, etc.<\/p>\n\n\n\n<p><strong>RECLAMOS<\/strong><\/p>\n\n\n\n<p>El compromiso de JTT es la satisfacci\u00f3n de sus clientes. Si surgiera algun reclamo por la compra de cualquier servicio a trav\u00e9s de la pagina web o directamente con uno de nuestros agentes, el cliente se compromete a darnos la oportunidad de resolver cualquier disputa. Si no le hemos resuelto el reclamo dentro de los 60 dias, puede solicitar ayuda legal que deber\u00e1 ser resuelta ante un Arbitro.<\/p>\n\n\n\n<p>Toda queja o disputa ser\u00e1 gobernada e interpretada bajo las leyes del Estado de New Jersey, EEUU, sin dar efecto alguno a los principios de elecci\u00f3n de leyes (\u201cChoice of Law\u201d<\/p>\n\n\n\n<p>Jasthy\u2019n travel Tours, Inc. y Ud. dan su consentimiento irrevocable a la jurisdicci\u00f3n de los tribunales federales y estatales del condado de Union, New Jersey, para la resoluci\u00f3n de toda disputa o queja.<\/p>\n\n\n\n<p>JTT. y Ud. tambi\u00e9n dan su consentimiento irrevocable a renunciar a su derecho de ir a juicio delante de un jurado.<\/p>","protected":false},"excerpt":{"rendered":"<p>JTT T division of Jasthy&#8217;n Travel Tours, a Wholesale agency that acts as an intermediary between clients and service providers on different itineraries, such as transportation companies, hotels, Tour Packages, travel insurance, airlines, cruises and other operators wholesalers. Therefore, we are beyond the control of the suppliers and\/or their agents. RESERVATIONS AND PAYMENTS Deposit A [&hellip;]<\/p>","protected":false},"author":1,"featured_media":0,"parent":0,"menu_order":0,"comment_status":"closed","ping_status":"closed","template":"","meta":{"footnotes":""},"class_list":["post-7186","page","type-page","status-publish","hentry"],"yoast_head":"<!-- This site is optimized with the Yoast SEO plugin v27.5 - https:\/\/yoast.com\/product\/yoast-seo-wordpress\/ -->\n<title>Terms and Conditions - Jasthyn Travel Tours<\/title>\n<meta name=\"robots\" content=\"index, follow, max-snippet:-1, max-image-preview:large, max-video-preview:-1\" \/>\n<link rel=\"canonical\" href=\"https:\/\/jasthyn-travel.com\/es\/terminos-y-condiciones-viaje\/\" \/>\n<meta property=\"og:locale\" content=\"es_ES\" \/>\n<meta property=\"og:type\" content=\"article\" \/>\n<meta property=\"og:title\" content=\"Terms and Conditions - Jasthyn Travel Tours\" \/>\n<meta property=\"og:description\" content=\"JTT T division of Jasthy&#8217;n Travel Tours, a Wholesale agency that acts as an intermediary between clients and service providers on different itineraries, such as transportation companies, hotels, Tour Packages, travel insurance, airlines, cruises and other operators wholesalers. Therefore, we are beyond the control of the suppliers and\/or their agents. RESERVATIONS AND PAYMENTS Deposit A [&hellip;]\" \/>\n<meta property=\"og:url\" content=\"https:\/\/jasthyn-travel.com\/es\/terminos-y-condiciones-viaje\/\" \/>\n<meta property=\"og:site_name\" content=\"Jasthyn Travel Tours\" \/>\n<meta property=\"article:publisher\" content=\"https:\/\/www.facebook.com\/JasthynTravelTours\" \/>\n<meta property=\"article:modified_time\" content=\"2024-02-22T17:01:12+00:00\" \/>\n<meta property=\"og:image\" content=\"https:\/\/jasthyn-travel.com\/wp-content\/uploads\/2023\/03\/IMAGOTIPO-JASTHYN-TRAVEL.png\" \/>\n\t<meta property=\"og:image:width\" content=\"552\" \/>\n\t<meta property=\"og:image:height\" content=\"215\" \/>\n\t<meta property=\"og:image:type\" content=\"image\/png\" \/>\n<meta name=\"twitter:card\" content=\"summary_large_image\" \/>\n<meta name=\"twitter:label1\" content=\"Tiempo de lectura\" \/>\n\t<meta name=\"twitter:data1\" content=\"10 minutos\" \/>\n<script type=\"application\/ld+json\" class=\"yoast-schema-graph\">{\"@context\":\"https:\\\/\\\/schema.org\",\"@graph\":[{\"@type\":\"WebPage\",\"@id\":\"https:\\\/\\\/jasthyn-travel.com\\\/terminos-y-condiciones\\\/\",\"url\":\"https:\\\/\\\/jasthyn-travel.com\\\/terminos-y-condiciones\\\/\",\"name\":\"Terms and Conditions - Jasthyn Travel Tours\",\"isPartOf\":{\"@id\":\"https:\\\/\\\/jasthyn-travel.com\\\/#website\"},\"datePublished\":\"2023-12-01T00:44:19+00:00\",\"dateModified\":\"2024-02-22T17:01:12+00:00\",\"breadcrumb\":{\"@id\":\"https:\\\/\\\/jasthyn-travel.com\\\/terminos-y-condiciones\\\/#breadcrumb\"},\"inLanguage\":\"es\",\"potentialAction\":[{\"@type\":\"ReadAction\",\"target\":[\"https:\\\/\\\/jasthyn-travel.com\\\/terminos-y-condiciones\\\/\"]}]},{\"@type\":\"BreadcrumbList\",\"@id\":\"https:\\\/\\\/jasthyn-travel.com\\\/terminos-y-condiciones\\\/#breadcrumb\",\"itemListElement\":[{\"@type\":\"ListItem\",\"position\":1,\"name\":\"Home\",\"item\":\"https:\\\/\\\/jasthyn-travel.com\\\/\"},{\"@type\":\"ListItem\",\"position\":2,\"name\":\"Terms and Conditions\"}]},{\"@type\":\"WebSite\",\"@id\":\"https:\\\/\\\/jasthyn-travel.com\\\/#website\",\"url\":\"https:\\\/\\\/jasthyn-travel.com\\\/\",\"name\":\"Jasthyn Travel Tours\",\"description\":\"Travel Destinations Agency\",\"publisher\":{\"@id\":\"https:\\\/\\\/jasthyn-travel.com\\\/#organization\"},\"potentialAction\":[{\"@type\":\"SearchAction\",\"target\":{\"@type\":\"EntryPoint\",\"urlTemplate\":\"https:\\\/\\\/jasthyn-travel.com\\\/?s={search_term_string}\"},\"query-input\":{\"@type\":\"PropertyValueSpecification\",\"valueRequired\":true,\"valueName\":\"search_term_string\"}}],\"inLanguage\":\"es\"},{\"@type\":\"Organization\",\"@id\":\"https:\\\/\\\/jasthyn-travel.com\\\/#organization\",\"name\":\"Jasthyn Travel Tours\",\"alternateName\":\"jasthyn travel tours\",\"url\":\"https:\\\/\\\/jasthyn-travel.com\\\/\",\"logo\":{\"@type\":\"ImageObject\",\"inLanguage\":\"es\",\"@id\":\"https:\\\/\\\/jasthyn-travel.com\\\/#\\\/schema\\\/logo\\\/image\\\/\",\"url\":\"https:\\\/\\\/jasthyn-travel.com\\\/wp-content\\\/uploads\\\/2023\\\/03\\\/IMAGOTIPO-JASTHYN-TRAVEL.png\",\"contentUrl\":\"https:\\\/\\\/jasthyn-travel.com\\\/wp-content\\\/uploads\\\/2023\\\/03\\\/IMAGOTIPO-JASTHYN-TRAVEL.png\",\"width\":552,\"height\":215,\"caption\":\"Jasthyn Travel Tours\"},\"image\":{\"@id\":\"https:\\\/\\\/jasthyn-travel.com\\\/#\\\/schema\\\/logo\\\/image\\\/\"},\"sameAs\":[\"https:\\\/\\\/www.facebook.com\\\/JasthynTravelTours\"]}]}<\/script>\n<!-- \/ Yoast SEO plugin. -->","yoast_head_json":{"title":"Terms and Conditions - Jasthyn Travel Tours","robots":{"index":"index","follow":"follow","max-snippet":"max-snippet:-1","max-image-preview":"max-image-preview:large","max-video-preview":"max-video-preview:-1"},"canonical":"https:\/\/jasthyn-travel.com\/es\/terminos-y-condiciones-viaje\/","og_locale":"es_ES","og_type":"article","og_title":"Terms and Conditions - Jasthyn Travel Tours","og_description":"JTT T division of Jasthy&#8217;n Travel Tours, a Wholesale agency that acts as an intermediary between clients and service providers on different itineraries, such as transportation companies, hotels, Tour Packages, travel insurance, airlines, cruises and other operators wholesalers. Therefore, we are beyond the control of the suppliers and\/or their agents. RESERVATIONS AND PAYMENTS Deposit A [&hellip;]","og_url":"https:\/\/jasthyn-travel.com\/es\/terminos-y-condiciones-viaje\/","og_site_name":"Jasthyn Travel Tours","article_publisher":"https:\/\/www.facebook.com\/JasthynTravelTours","article_modified_time":"2024-02-22T17:01:12+00:00","og_image":[{"width":552,"height":215,"url":"https:\/\/jasthyn-travel.com\/wp-content\/uploads\/2023\/03\/IMAGOTIPO-JASTHYN-TRAVEL.png","type":"image\/png"}],"twitter_card":"summary_large_image","twitter_misc":{"Tiempo de lectura":"10 minutos"},"schema":{"@context":"https:\/\/schema.org","@graph":[{"@type":"WebPage","@id":"https:\/\/jasthyn-travel.com\/terminos-y-condiciones\/","url":"https:\/\/jasthyn-travel.com\/terminos-y-condiciones\/","name":"Terms and Conditions - Jasthyn Travel Tours","isPartOf":{"@id":"https:\/\/jasthyn-travel.com\/#website"},"datePublished":"2023-12-01T00:44:19+00:00","dateModified":"2024-02-22T17:01:12+00:00","breadcrumb":{"@id":"https:\/\/jasthyn-travel.com\/terminos-y-condiciones\/#breadcrumb"},"inLanguage":"es","potentialAction":[{"@type":"ReadAction","target":["https:\/\/jasthyn-travel.com\/terminos-y-condiciones\/"]}]},{"@type":"BreadcrumbList","@id":"https:\/\/jasthyn-travel.com\/terminos-y-condiciones\/#breadcrumb","itemListElement":[{"@type":"ListItem","position":1,"name":"Home","item":"https:\/\/jasthyn-travel.com\/"},{"@type":"ListItem","position":2,"name":"Terms and Conditions"}]},{"@type":"WebSite","@id":"https:\/\/jasthyn-travel.com\/#website","url":"https:\/\/jasthyn-travel.com\/","name":"Jasthyn Travel Tours","description":"Travel Destinations Agency","publisher":{"@id":"https:\/\/jasthyn-travel.com\/#organization"},"potentialAction":[{"@type":"SearchAction","target":{"@type":"EntryPoint","urlTemplate":"https:\/\/jasthyn-travel.com\/?s={search_term_string}"},"query-input":{"@type":"PropertyValueSpecification","valueRequired":true,"valueName":"search_term_string"}}],"inLanguage":"es"},{"@type":"Organization","@id":"https:\/\/jasthyn-travel.com\/#organization","name":"Jasthyn Travel Tours","alternateName":"jasthyn travel tours","url":"https:\/\/jasthyn-travel.com\/","logo":{"@type":"ImageObject","inLanguage":"es","@id":"https:\/\/jasthyn-travel.com\/#\/schema\/logo\/image\/","url":"https:\/\/jasthyn-travel.com\/wp-content\/uploads\/2023\/03\/IMAGOTIPO-JASTHYN-TRAVEL.png","contentUrl":"https:\/\/jasthyn-travel.com\/wp-content\/uploads\/2023\/03\/IMAGOTIPO-JASTHYN-TRAVEL.png","width":552,"height":215,"caption":"Jasthyn Travel Tours"},"image":{"@id":"https:\/\/jasthyn-travel.com\/#\/schema\/logo\/image\/"},"sameAs":["https:\/\/www.facebook.com\/JasthynTravelTours"]}]}},"_links":{"self":[{"href":"https:\/\/jasthyn-travel.com\/es\/wp-json\/wp\/v2\/pages\/7186","targetHints":{"allow":["GET"]}}],"collection":[{"href":"https:\/\/jasthyn-travel.com\/es\/wp-json\/wp\/v2\/pages"}],"about":[{"href":"https:\/\/jasthyn-travel.com\/es\/wp-json\/wp\/v2\/types\/page"}],"author":[{"embeddable":true,"href":"https:\/\/jasthyn-travel.com\/es\/wp-json\/wp\/v2\/users\/1"}],"replies":[{"embeddable":true,"href":"https:\/\/jasthyn-travel.com\/es\/wp-json\/wp\/v2\/comments?post=7186"}],"version-history":[{"count":4,"href":"https:\/\/jasthyn-travel.com\/es\/wp-json\/wp\/v2\/pages\/7186\/revisions"}],"predecessor-version":[{"id":7257,"href":"https:\/\/jasthyn-travel.com\/es\/wp-json\/wp\/v2\/pages\/7186\/revisions\/7257"}],"wp:attachment":[{"href":"https:\/\/jasthyn-travel.com\/es\/wp-json\/wp\/v2\/media?parent=7186"}],"curies":[{"name":"wp","href":"https:\/\/api.w.org\/{rel}","templated":true}]}}