{"id":7182,"date":"2023-11-24T14:31:02","date_gmt":"2023-11-24T14:31:02","guid":{"rendered":"https:\/\/jasthyn-travel.com\/?page_id=7182"},"modified":"2023-11-24T14:31:02","modified_gmt":"2023-11-24T14:31:02","slug":"politica-de-proteccion-de-datos-personales","status":"publish","type":"page","link":"https:\/\/jasthyn-travel.com\/es\/politica-de-proteccion-de-datos-personales\/","title":{"rendered":"POL\u00cdTICA DE PROTECCI\u00d3N DE DATOS PERSONALES"},"content":{"rendered":"<h2 class=\"wp-block-heading\">I. ALCANCE<\/h2>\n\n\n\n<p>La presente Pol\u00edtica se aplica a todo tratamiento de datos personales por parte de<\/p>\n\n\n\n<p>JASTHYN TRAVEL TOURS E.I.R.L.. (en adelante \u201cJTT\u201d) con RUC N\u00b0 20605736913.<\/p>\n\n\n\n<p>Ser\u00e1 tambi\u00e9n de aplicaci\u00f3n para aquellas personas o empresas a las que JTT encargue<\/p>\n\n\n\n<p>el tratamiento de datos personales de los cuales sea responsable.<\/p>\n\n\n\n<h2 class=\"wp-block-heading\">II. INFORMACION GENERAL<\/h2>\n\n\n\n<p>JTT es una empresa dedicada a brindar servicio de viajes y turismo a distintas ciudades del pa\u00eds y extranjero, estamos debidamente autorizados y acreditados por las instituciones correspondientes cumpliendo con el reglamento conforme a ley.<\/p>\n\n\n\n<p>Los datos personales cuyo tratamiento realiza JTT son almacenados en bancos de<\/p>\n\n\n\n<p>datos personales de su titularidad.<\/p>\n\n\n\n<h2 class=\"wp-block-heading\">III. OBJETIVO<\/h2>\n\n\n\n<p>La presente Pol\u00edtica tiene por objeto hacer de conocimiento del p\u00fablico el compromiso<\/p>\n\n\n\n<p>que tiene JTT con la protecci\u00f3n de datos personales, los lineamientos bajo los cuales<\/p>\n\n\n\n<p>realiza el tratamiento, la finalidad para la que lo hace.<\/p>\n\n\n\n<h2 class=\"wp-block-heading\">IV. LEGISLACION<\/h2>\n\n\n\n<p>\u2022 Ley N\u00b0 29733 \u2013 Ley de Protecci\u00f3n de Datos Personales.<\/p>\n\n\n\n<p>\u2022 Reglamento de la Ley N\u00b0 29733, aprobado por el Decreto Supremo N\u00b0 003-2013-<\/p>\n\n\n\n<p>JUS.<\/p>\n\n\n\n<p>\u2022 Directiva de Seguridad de la Informaci\u00f3n, aprobada por la Resoluci\u00f3n Directoral N\u00b0<\/p>\n\n\n\n<p>019-2013-JUS\/DGPDP.<\/p>\n\n\n\n<h2 class=\"wp-block-heading\">V. FINALIDAD DEL TRATAMIENTO DE LOS DATOS PERSONALES<\/h2>\n\n\n\n<p>2<\/p>\n\n\n\n<p>JTT realiza el tratamiento de datos personales de los usuarios de Jasthyn Travel Tours y clientes con los<\/p>\n\n\n\n<p>que mantiene alguna relaci\u00f3n jur\u00eddica o comercial, o para cumplir ya sea con la<\/p>\n\n\n\n<p>legislaci\u00f3n vigente, u otra que sea l\u00edcita y debidamente informada al titular de datos<\/p>\n\n\n\n<p>personales.<\/p>\n\n\n\n<p>Los datos personales facilitados por nuestros clientes y los usuarios de Jasthyn Travel Tours ser\u00e1n<\/p>\n\n\n\n<p>almacenados en el banco de datos de JTT.<\/p>\n\n\n\n<p>Los datos personales que faciliten nuestros clientes podr\u00e1n ser conocidos y<\/p>\n\n\n\n<p>manejados por: (i) el personal de JTT que necesite conocer dicha informaci\u00f3n para poder<\/p>\n\n\n\n<p>enviar informaci\u00f3n o contestar alguna solicitud del cliente.<\/p>\n\n\n\n<p>Estos datos personales ser\u00e1n tratados de forma leal y l\u00edcita y no ser\u00e1n utilizados para otras finalidades incompatibles con las especificadas.<\/p>\n\n\n\n<h2 class=\"wp-block-heading\">VI. PRINCIPIOS RECTORES<\/h2>\n\n\n\n<p>JTT se compromete a respetar los:<\/p>\n\n\n\n<p>Principios rectores<\/p>\n\n\n\n<p>El titular del banco de datos personales, o en su caso, quien resulte responsable del<\/p>\n\n\n\n<p>tratamiento, debe cumplir con los principios rectores de la protecci\u00f3n de datos<\/p>\n\n\n\n<p>personales, de conformidad con lo establecido en la Ley, aplicando los criterios de<\/p>\n\n\n\n<p>desarrollo que se establecen en el presente t\u00edtulo del reglamento.<\/p>\n\n\n\n<p>Principio de consentimiento<\/p>\n\n\n\n<p>El tratamiento de datos personales es l\u00edcito cuando el titular del dato personal hubiere<\/p>\n\n\n\n<p>prestado su consentimiento libre, previo, expreso, informado e inequ\u00edvoco. No se<\/p>\n\n\n\n<p>admiten f\u00f3rmulas de consentimiento en las que \u00e9ste no sea expresado de forma directa,<\/p>\n\n\n\n<p>como aquellas en las que se requiere presumir, o asumir la existencia de una voluntad<\/p>\n\n\n\n<p>que no ha sido expresa. Incluso el consentimiento prestado con otras declaraciones,<\/p>\n\n\n\n<p>deber\u00e1 manifestarse en forma expresa y clara.<\/p>\n\n\n\n<p>Principio de finalidad<\/p>\n\n\n\n<p>En atenci\u00f3n al principio de finalidad se considera que una finalidad est\u00e1 determinada<\/p>\n\n\n\n<p>cuando haya sido expresada con claridad, sin lugar a confusi\u00f3n y cuando de manera<\/p>\n\n\n\n<p>objetiva se especifica el objeto que tendr\u00e1 el tratamiento de los datos personales.<\/p>\n\n\n\n<p>Trat\u00e1ndose de banco de datos personales que contengan datos sensibles, su creaci\u00f3n<\/p>\n\n\n\n<p>solo puede justificarse si su finalidad adem\u00e1s de ser leg\u00edtima, es concreta y acorde con<\/p>\n\n\n\n<p>las actividades o fines expl\u00edcitos del titular del banco de datos personales.<\/p>\n\n\n\n<p>Los profesionales que realicen el tratamiento de alg\u00fan dato personal, adem\u00e1s de estar<\/p>\n\n\n\n<p>limitados por la finalidad de sus servicios, se encuentran obligados a guardar secreto<\/p>\n\n\n\n<p>profesional.<\/p>\n\n\n\n<p>Principio de calidad<\/p>\n\n\n\n<p>Los datos personales que vayan a ser tratados deben ser veraces, exactos y en la<\/p>\n\n\n\n<p>medida de lo posible, actualizados, necesarios, pertinentes y adecuados respecto de la<\/p>\n\n\n\n<p>finalidad para la que fueron recopilados.<\/p>\n\n\n\n<p>Principio de seguridad<\/p>\n\n\n\n<p>En atenci\u00f3n al principio de seguridad, en el tratamiento de los datos personales deben<\/p>\n\n\n\n<p>adoptarse las medidas de seguridad que resulten necesarias a fin de evitar cualquier<\/p>\n\n\n\n<p>tratamiento contrario a la Ley o al presente reglamento, incluy\u00e9ndose en ellos a la<\/p>\n\n\n\n<p>adulteraci\u00f3n, la p\u00e9rdida, las desviaciones de informaci\u00f3n, intencionales o no, ya sea que<\/p>\n\n\n\n<p>los riesgos provengan de la acci\u00f3n humana o del medio t\u00e9cnico utilizado.<\/p>\n\n\n\n<h2 class=\"wp-block-heading\">VII. MENORES DE EDAD<\/h2>\n\n\n\n<p>En JTT entendemos la importancia de proteger la privacidad de los menores de edad.<\/p>\n\n\n\n<p>JTT solo se usar\u00e1n correspondientes.<\/p>\n\n\n\n<p>VIII. TRANSFERENCIA DE DATOS PERSONALES<\/p>\n\n\n\n<p>JTT respeta la privacidad de sus clientes, no transferir\u00e1 informaci\u00f3n a<\/p>\n\n\n\n<p>terceros.<\/p>\n\n\n\n<h2 class=\"wp-block-heading\">IX. DERECHOS DE LOS TITULARES DE DATOS PERSONALES<\/h2>\n\n\n\n<p>De acuerdo con la Ley, los titulares de los datos personales tienen los siguientes<\/p>\n\n\n\n<p>derechos:<\/p>\n\n\n\n<p>1. Derecho de informaci\u00f3n del titular de datos personales<\/p>\n\n\n\n<p>El titular de datos personales tiene derecho a ser informado en forma detallada,<\/p>\n\n\n\n<p>sencilla, expresa, inequ\u00edvoca y de manera previa a su recopilaci\u00f3n, sobre la<\/p>\n\n\n\n<p>finalidad para la que sus datos personales ser\u00e1n tratados.<\/p>\n\n\n\n<p>2. Derecho de acceso del titular de datos personales<\/p>\n\n\n\n<p>El titular de datos personales tiene derecho a obtener la informaci\u00f3n que sobre si<\/p>\n\n\n\n<p>mismo sea objeto de tratamiento en bancos de datos de administraci\u00f3n p\u00fablica o<\/p>\n\n\n\n<p>privada, la forma en que sus datos fueron recopilados.<\/p>\n\n\n\n<p>3. Derecho de actualizaci\u00f3n, inclusi\u00f3n, rectificaci\u00f3n y supresi\u00f3n<\/p>\n\n\n\n<p>El titular de datos personales tiene derecho a la actualizaci\u00f3n, inclusi\u00f3n, rectificaci\u00f3n<\/p>\n\n\n\n<p>y supresi\u00f3n de sus datos personales materia de tratamiento.<\/p>","protected":false},"excerpt":{"rendered":"<p>I. ALCANCE La presente Pol\u00edtica se aplica a todo tratamiento de datos personales por parte de JASTHYN TRAVEL TOURS E.I.R.L.. (en adelante \u201cJTT\u201d) con RUC N\u00b0 20605736913. Ser\u00e1 tambi\u00e9n de aplicaci\u00f3n para aquellas personas o empresas a las que JTT encargue el tratamiento de datos personales de los cuales sea responsable. II. INFORMACION GENERAL JTT [&hellip;]<\/p>","protected":false},"author":1,"featured_media":0,"parent":0,"menu_order":0,"comment_status":"closed","ping_status":"closed","template":"","meta":{"footnotes":""},"class_list":["post-7182","page","type-page","status-publish","hentry"],"yoast_head":"<!-- This site is optimized with the Yoast SEO plugin v27.5 - https:\/\/yoast.com\/product\/yoast-seo-wordpress\/ -->\n<title>POL\u00cdTICA DE PROTECCI\u00d3N DE DATOS PERSONALES - Jasthyn Travel Tours<\/title>\n<meta name=\"robots\" content=\"index, follow, max-snippet:-1, max-image-preview:large, max-video-preview:-1\" \/>\n<link rel=\"canonical\" href=\"https:\/\/jasthyn-travel.com\/es\/politica-de-proteccion-de-datos-personales\/\" \/>\n<meta property=\"og:locale\" content=\"es_ES\" \/>\n<meta property=\"og:type\" content=\"article\" \/>\n<meta property=\"og:title\" content=\"POL\u00cdTICA DE PROTECCI\u00d3N DE DATOS PERSONALES - Jasthyn Travel Tours\" \/>\n<meta property=\"og:description\" content=\"I. ALCANCE La presente Pol\u00edtica se aplica a todo tratamiento de datos personales por parte de JASTHYN TRAVEL TOURS E.I.R.L.. (en adelante \u201cJTT\u201d) con RUC N\u00b0 20605736913. Ser\u00e1 tambi\u00e9n de aplicaci\u00f3n para aquellas personas o empresas a las que JTT encargue el tratamiento de datos personales de los cuales sea responsable. II. INFORMACION GENERAL JTT [&hellip;]\" \/>\n<meta property=\"og:url\" content=\"https:\/\/jasthyn-travel.com\/es\/politica-de-proteccion-de-datos-personales\/\" \/>\n<meta property=\"og:site_name\" content=\"Jasthyn Travel Tours\" \/>\n<meta property=\"article:publisher\" content=\"https:\/\/www.facebook.com\/JasthynTravelTours\" \/>\n<meta property=\"og:image\" content=\"https:\/\/jasthyn-travel.com\/wp-content\/uploads\/2023\/03\/IMAGOTIPO-JASTHYN-TRAVEL.png\" \/>\n\t<meta property=\"og:image:width\" content=\"552\" \/>\n\t<meta property=\"og:image:height\" content=\"215\" \/>\n\t<meta property=\"og:image:type\" content=\"image\/png\" \/>\n<meta name=\"twitter:card\" content=\"summary_large_image\" \/>\n<meta name=\"twitter:label1\" content=\"Tiempo de lectura\" \/>\n\t<meta name=\"twitter:data1\" content=\"4 minutos\" \/>\n<script type=\"application\/ld+json\" class=\"yoast-schema-graph\">{\"@context\":\"https:\\\/\\\/schema.org\",\"@graph\":[{\"@type\":\"WebPage\",\"@id\":\"https:\\\/\\\/jasthyn-travel.com\\\/politica-de-proteccion-de-datos-personales\\\/\",\"url\":\"https:\\\/\\\/jasthyn-travel.com\\\/politica-de-proteccion-de-datos-personales\\\/\",\"name\":\"POL\u00cdTICA DE PROTECCI\u00d3N DE DATOS PERSONALES - Jasthyn Travel Tours\",\"isPartOf\":{\"@id\":\"https:\\\/\\\/jasthyn-travel.com\\\/#website\"},\"datePublished\":\"2023-11-24T14:31:02+00:00\",\"breadcrumb\":{\"@id\":\"https:\\\/\\\/jasthyn-travel.com\\\/politica-de-proteccion-de-datos-personales\\\/#breadcrumb\"},\"inLanguage\":\"es\",\"potentialAction\":[{\"@type\":\"ReadAction\",\"target\":[\"https:\\\/\\\/jasthyn-travel.com\\\/politica-de-proteccion-de-datos-personales\\\/\"]}]},{\"@type\":\"BreadcrumbList\",\"@id\":\"https:\\\/\\\/jasthyn-travel.com\\\/politica-de-proteccion-de-datos-personales\\\/#breadcrumb\",\"itemListElement\":[{\"@type\":\"ListItem\",\"position\":1,\"name\":\"Home\",\"item\":\"https:\\\/\\\/jasthyn-travel.com\\\/\"},{\"@type\":\"ListItem\",\"position\":2,\"name\":\"POL\u00cdTICA DE PROTECCI\u00d3N DE DATOS PERSONALES\"}]},{\"@type\":\"WebSite\",\"@id\":\"https:\\\/\\\/jasthyn-travel.com\\\/#website\",\"url\":\"https:\\\/\\\/jasthyn-travel.com\\\/\",\"name\":\"Jasthyn Travel Tours\",\"description\":\"Travel Destinations Agency\",\"publisher\":{\"@id\":\"https:\\\/\\\/jasthyn-travel.com\\\/#organization\"},\"potentialAction\":[{\"@type\":\"SearchAction\",\"target\":{\"@type\":\"EntryPoint\",\"urlTemplate\":\"https:\\\/\\\/jasthyn-travel.com\\\/?s={search_term_string}\"},\"query-input\":{\"@type\":\"PropertyValueSpecification\",\"valueRequired\":true,\"valueName\":\"search_term_string\"}}],\"inLanguage\":\"es\"},{\"@type\":\"Organization\",\"@id\":\"https:\\\/\\\/jasthyn-travel.com\\\/#organization\",\"name\":\"Jasthyn Travel Tours\",\"alternateName\":\"jasthyn travel tours\",\"url\":\"https:\\\/\\\/jasthyn-travel.com\\\/\",\"logo\":{\"@type\":\"ImageObject\",\"inLanguage\":\"es\",\"@id\":\"https:\\\/\\\/jasthyn-travel.com\\\/#\\\/schema\\\/logo\\\/image\\\/\",\"url\":\"https:\\\/\\\/jasthyn-travel.com\\\/wp-content\\\/uploads\\\/2023\\\/03\\\/IMAGOTIPO-JASTHYN-TRAVEL.png\",\"contentUrl\":\"https:\\\/\\\/jasthyn-travel.com\\\/wp-content\\\/uploads\\\/2023\\\/03\\\/IMAGOTIPO-JASTHYN-TRAVEL.png\",\"width\":552,\"height\":215,\"caption\":\"Jasthyn Travel Tours\"},\"image\":{\"@id\":\"https:\\\/\\\/jasthyn-travel.com\\\/#\\\/schema\\\/logo\\\/image\\\/\"},\"sameAs\":[\"https:\\\/\\\/www.facebook.com\\\/JasthynTravelTours\"]}]}<\/script>\n<!-- \/ Yoast SEO plugin. -->","yoast_head_json":{"title":"POL\u00cdTICA DE PROTECCI\u00d3N DE DATOS PERSONALES - Jasthyn Travel Tours","robots":{"index":"index","follow":"follow","max-snippet":"max-snippet:-1","max-image-preview":"max-image-preview:large","max-video-preview":"max-video-preview:-1"},"canonical":"https:\/\/jasthyn-travel.com\/es\/politica-de-proteccion-de-datos-personales\/","og_locale":"es_ES","og_type":"article","og_title":"POL\u00cdTICA DE PROTECCI\u00d3N DE DATOS PERSONALES - Jasthyn Travel Tours","og_description":"I. ALCANCE La presente Pol\u00edtica se aplica a todo tratamiento de datos personales por parte de JASTHYN TRAVEL TOURS E.I.R.L.. (en adelante \u201cJTT\u201d) con RUC N\u00b0 20605736913. Ser\u00e1 tambi\u00e9n de aplicaci\u00f3n para aquellas personas o empresas a las que JTT encargue el tratamiento de datos personales de los cuales sea responsable. II. INFORMACION GENERAL JTT [&hellip;]","og_url":"https:\/\/jasthyn-travel.com\/es\/politica-de-proteccion-de-datos-personales\/","og_site_name":"Jasthyn Travel Tours","article_publisher":"https:\/\/www.facebook.com\/JasthynTravelTours","og_image":[{"width":552,"height":215,"url":"https:\/\/jasthyn-travel.com\/wp-content\/uploads\/2023\/03\/IMAGOTIPO-JASTHYN-TRAVEL.png","type":"image\/png"}],"twitter_card":"summary_large_image","twitter_misc":{"Tiempo de lectura":"4 minutos"},"schema":{"@context":"https:\/\/schema.org","@graph":[{"@type":"WebPage","@id":"https:\/\/jasthyn-travel.com\/politica-de-proteccion-de-datos-personales\/","url":"https:\/\/jasthyn-travel.com\/politica-de-proteccion-de-datos-personales\/","name":"POL\u00cdTICA DE PROTECCI\u00d3N DE DATOS PERSONALES - Jasthyn Travel Tours","isPartOf":{"@id":"https:\/\/jasthyn-travel.com\/#website"},"datePublished":"2023-11-24T14:31:02+00:00","breadcrumb":{"@id":"https:\/\/jasthyn-travel.com\/politica-de-proteccion-de-datos-personales\/#breadcrumb"},"inLanguage":"es","potentialAction":[{"@type":"ReadAction","target":["https:\/\/jasthyn-travel.com\/politica-de-proteccion-de-datos-personales\/"]}]},{"@type":"BreadcrumbList","@id":"https:\/\/jasthyn-travel.com\/politica-de-proteccion-de-datos-personales\/#breadcrumb","itemListElement":[{"@type":"ListItem","position":1,"name":"Home","item":"https:\/\/jasthyn-travel.com\/"},{"@type":"ListItem","position":2,"name":"POL\u00cdTICA DE PROTECCI\u00d3N DE DATOS PERSONALES"}]},{"@type":"WebSite","@id":"https:\/\/jasthyn-travel.com\/#website","url":"https:\/\/jasthyn-travel.com\/","name":"Jasthyn Travel Tours","description":"Travel Destinations Agency","publisher":{"@id":"https:\/\/jasthyn-travel.com\/#organization"},"potentialAction":[{"@type":"SearchAction","target":{"@type":"EntryPoint","urlTemplate":"https:\/\/jasthyn-travel.com\/?s={search_term_string}"},"query-input":{"@type":"PropertyValueSpecification","valueRequired":true,"valueName":"search_term_string"}}],"inLanguage":"es"},{"@type":"Organization","@id":"https:\/\/jasthyn-travel.com\/#organization","name":"Jasthyn Travel Tours","alternateName":"jasthyn travel tours","url":"https:\/\/jasthyn-travel.com\/","logo":{"@type":"ImageObject","inLanguage":"es","@id":"https:\/\/jasthyn-travel.com\/#\/schema\/logo\/image\/","url":"https:\/\/jasthyn-travel.com\/wp-content\/uploads\/2023\/03\/IMAGOTIPO-JASTHYN-TRAVEL.png","contentUrl":"https:\/\/jasthyn-travel.com\/wp-content\/uploads\/2023\/03\/IMAGOTIPO-JASTHYN-TRAVEL.png","width":552,"height":215,"caption":"Jasthyn Travel Tours"},"image":{"@id":"https:\/\/jasthyn-travel.com\/#\/schema\/logo\/image\/"},"sameAs":["https:\/\/www.facebook.com\/JasthynTravelTours"]}]}},"_links":{"self":[{"href":"https:\/\/jasthyn-travel.com\/es\/wp-json\/wp\/v2\/pages\/7182","targetHints":{"allow":["GET"]}}],"collection":[{"href":"https:\/\/jasthyn-travel.com\/es\/wp-json\/wp\/v2\/pages"}],"about":[{"href":"https:\/\/jasthyn-travel.com\/es\/wp-json\/wp\/v2\/types\/page"}],"author":[{"embeddable":true,"href":"https:\/\/jasthyn-travel.com\/es\/wp-json\/wp\/v2\/users\/1"}],"replies":[{"embeddable":true,"href":"https:\/\/jasthyn-travel.com\/es\/wp-json\/wp\/v2\/comments?post=7182"}],"version-history":[{"count":2,"href":"https:\/\/jasthyn-travel.com\/es\/wp-json\/wp\/v2\/pages\/7182\/revisions"}],"predecessor-version":[{"id":7184,"href":"https:\/\/jasthyn-travel.com\/es\/wp-json\/wp\/v2\/pages\/7182\/revisions\/7184"}],"wp:attachment":[{"href":"https:\/\/jasthyn-travel.com\/es\/wp-json\/wp\/v2\/media?parent=7182"}],"curies":[{"name":"wp","href":"https:\/\/api.w.org\/{rel}","templated":true}]}}